{"id":353,"date":"2022-05-12T10:18:52","date_gmt":"2022-05-12T08:18:52","guid":{"rendered":"https:\/\/sia.umh.es\/?page_id=353"},"modified":"2026-03-04T12:06:37","modified_gmt":"2026-03-04T11:06:37","slug":"cursos-postgrado","status":"publish","type":"page","link":"https:\/\/sia.umh.es\/ca\/cursos-postgrado\/","title":{"rendered":"Cursos de Postgrau"},"content":{"rendered":"<p><a href=\"https:\/\/sia.umh.es\/files\/2024\/03\/SOLICITUD-CURSO.pdf\">SOLICITUD CURSO<\/a><\/p>\n<p><strong>A\u00d1O 2022<\/strong>1<strong>\/2022<\/strong>.<\/p>\n<p>1. RECONSTRUCCI\u00d3N MAMARIA EN CADAVER XIV EDICI\u00d3N.<br \/>\n2. RECONSTRUCCI\u00d3N MAMARIA EN CADAVER XV EDICI\u00d3N.<br \/>\n3. CURSO SOPORTE VITAL T\u00c1CTICO AVANZADO EN LA ATENCI\u00d3N SANITARIA INMEDIATA EN OPERACIONES MILITARES PARA PERSONAL MILITAR NO FACULTATIVO, NIVEL DE CAPACIDAD<br \/>\nAVANZADO CN3<br \/>\n4. CURSO ESPECIALIZACI\u00d3N PROFESIONAL EN COMPETENCIAS B\u00c1SICAS EN CIRUG\u00cdA LAPAROSC\u00d3PICA.<br \/>\n5. T\u00c9CNICAS AVANZADAS EN CIRUG\u00cdA DE CADERA: PR\u00d3TESIS TOTAL DE CADERA POR V\u00cdA SUPRACAPSULAR PERCUT\u00c1NEA ASISTIDA (SUPERPATH) I EDICI\u00d3N.<br \/>\n6. T\u00c9CNICAS AVANZADAS EN CIRUG\u00cdA DE CADERA: PR\u00d3TESIS TOTAL DE CADERA POR V\u00cdA SUPRACAPSULAR PERCUT\u00c1NEA ASISTIDA (SUPERPATH) II EDICI\u00d3N.<br \/>\n7. T\u00c9CNICAS AVANZADAS DE REEMPLAZO DE RODILLA: ADVANCE MEDIAL-POVOT. II EDICI\u00d3N.<br \/>\n8. T\u00c9CNICAS AVANZADAS DE REEMPLAZO DE RODILLA: ADVANCE MEDIAL- PIVOT. III JORNADA.<br \/>\n9. IX CURSO DE DISECCI\u00d3N EN CIRUG\u00cdA BUCO-MAXILOFACIAL.<br \/>\n10. INTERNATIONAL DISSECTION COURSE ON PERIPHERAL NERVE SURGERY AND TENDON TRANSFERS. IV EDITION.<br \/>\n11. V CURSO DE ANATOM\u00cdA APLICADA A LA REHABILITACI\u00d3N DE ESPASTICIDAD EN MIEMBRO SUPERIOR MEDIANTE TOXINA BOTUL\u00cdNICA A. (XEOMIN)<br \/>\n12. II WORKSHOP IN LYMPHATIC MICROSURGERY CADAVER.<br \/>\n13. HANDS-ON COURSE ON LAPAROSCOPY IN THE MANAGEMENT OF PERITONEAL CARCINOMATOSIS. II EDITION.<br \/>\n14. RECONSTRUCCI\u00d3N MAMARIA EN CADAVER. XVI EDICI\u00d3N.<br \/>\n15. II EDICI\u00d3N NANOM\u00c1STER EN ABORDAJES NEUROQUIR\u00daRGICOS.<br \/>\n16. I CURSO DE ANATOM\u00cdA QUIR\u00daRGICA DE SUELO P\u00c9LVICO EN CADAVER<br \/>\n17. M\u00c1STER PROPIO EN PATOLOG\u00cdA M\u00c9DICO-QUIRURGICA DEL SUELO P\u00c9LVICO. EDICIONES: I, II Y III<br \/>\n18. CURSO RECONSTRUCCI\u00d3N MAMARIA XVI EDICI\u00d3N.<br \/>\n19. II CURSO DE ANATOM\u00cdA QUIR\u00daRGICA DE SUELO P\u00c9LVICO EN CAD\u00c1VER THIEL<br \/>\n20. EARLY LUMBAR DEGENERATIVE CASCADE. XV EDITION.<br \/>\n21. III EDICI\u00d3N CURSO DE FORMACI\u00d3N SANITARIA EN OPERACIONES MILITARES CON NIVEL DE CAPACITACI\u00d3N AVANZADO.<br \/>\n22. CURSO RECONSTRUCCI\u00d3N MAMARIA EN CAD\u00c1VER. XVI EDICI\u00d3N<\/p>\n<p><strong>A\u00d1O 2023<\/strong><\/p>\n<p>1. III EDICI\u00d3N CURSO DE SOPORTE VITAL T\u00c1CTICO AVANZADO MOE.<br \/>\n2. CURSO DE ABORDAJES EN RAQUIS.<br \/>\n3. CURSO DE COLGAJOS.<br \/>\n4. CURSO EARLY LUMBAR REGENERATIVE CASCADE XV EDITION.<br \/>\n5. CURSO DISECCI\u00d3N EN CIRUG\u00cdA BUCO-MAXILOFACIAL. X EDICI\u00d3N.<br \/>\n6. HANDS-ON COURSE ON LAPAROSCOPY IN THE MANAGEMENT OF PERITONEAL CARCINOMATOSIS. II EDITION.<br \/>\n7. HANDS-ON COURSE ON LAPAROSCOPY IN THE MANAGEMENT OF PERITONEAL CARCINOMATOSIS. III EDITION.<br \/>\n8. MIOPLASTIA TORACO-ABDOMINALES. IV EDICI\u00d3N.<br \/>\n9. RECONSTRUCTION COURSE ON CADAVER. V EDITION.<br \/>\n10. MASTER PROPIO EN PATOLOG\u00cdA M\u00c9DICO-QUIR\u00daRGICA DEL SUELO P\u00c9LVICO IV EDICI\u00d3N.<br \/>\n11. CURSO ABORDAJES VASCULARES B\u00c1SICOS SOBRE CAD\u00c1VER. II EDICI\u00d3N.<br \/>\n12. RECONSTRUCCI\u00d3N MAMARIA SOBRE CAD\u00c1VER. XVII EDICI\u00d3N.<br \/>\n13. NANOMASTER EN NEUROCIRUG\u00cdA IV EDICI\u00d3N.<br \/>\n14. CURSO ADQUISICI\u00d3N DE COMPETENCIAS CIRUG\u00cdA LAPAROSC\u00d3PICA GRADO B\u00c1SICO. III EDICI\u00d3N.<br \/>\n15. IV EDICI\u00d3N CURSO DE SOPORTE VITAL T\u00c1CTICO AVANZADO MOE.<\/p>\n<p><strong>A\u00d1O 2024<\/strong><\/p>\n<ol>\n<li>CADAVER WORKSHOP IN LYMPHATIC MICROSURGERY III EDITION<\/li>\n<li>CURSO DE SUELO P\u00c9LVICO PARA CIRUJANOS I<\/li>\n<li>EARLY LUMBAR DEGENERATIVE CASCADE XVII EDITION<\/li>\n<li>INTERNATIONAL DISSECTION COURSE ON PERIPHERAL NERVE\u00a0SURGERY &amp; TENDON TRANSFERS. V EDITION.<\/li>\n<li>DISECCI\u00d3N EN CIRUG\u00cdA BUCO-MAXILOFACIAL. XI EDICI\u00d3N.<\/li>\n<li>CURSO ADQUISICI\u00d3N COMPETENCIAS LAPAROSC\u00d3PICAS IV EDICI\u00d3N<\/li>\n<li>CURSO DE REHABILITACI\u00d3N<\/li>\n<li>CURSO DE SUELO P\u00c9LVICO PARA CIRUJANOS II<\/li>\n<li>M\u00c1STER MEDICINA EST\u00c9TICA INTEGRAL Y ANTIENVEJECIMIENTO<\/li>\n<li>ABORDAJES VASCULARES B\u00c1SICOS SOBRE CAD\u00c1VER III EDICI\u00d3N<\/li>\n<li>RECONSTRUTION COURSE ON CADAVER. VI EDITION<\/li>\n<li>CURSO SUELO P\u00c9LVICO PARA CIRUJANOS. III<\/li>\n<li>CURSO OTORRINO-RINOPLASTIA.<\/li>\n<li>SOPORTE VITAL T\u00c1CTICO AVANZADO EN ATENCI\u00d3N SANITARIA INMEDIATA EN OPERACIONES MILITARES PARA PERSONAL MILITAR NO FACULTATIVO. V EDICI\u00d3N.<\/li>\n<\/ol>\n<p><strong>A\u00d1O 2025<\/strong><\/p>\n<ol>\n<li>ABORDAJES VASCULARES B\u00c1SICOS SOBRE CAD\u00c1VERES. III EDICI\u00d3N.<\/li>\n<li>PR\u00c1CTICAS PARA PERFECCIONAMIENTO EN ENDOSCOPIA DE COLUMNA.<\/li>\n<li>CADAVER WORKSHOP IN LYMPHATIC MICROSURGERY IV EDITION.<\/li>\n<li>TRATAMIENTO DE ESTENOSIS URETERAL CON STENT URETERAL ALLIUM.<\/li>\n<li>INTERNATIONAL COURSE ON MINIMALLY INVASIVE TRANSCERVICAL ESOPHAGECTOMY (MICE). HANDS ON COURSE ON CADAVERS.<\/li>\n<li>CURSO SUELO P\u00c9LVICO PARA CIRUJANOS. IV EDICI\u00d3N.<\/li>\n<li>CURSO DISECCI\u00d3N EN CIRUG\u00cdA BUCO-MAXILOFACIAL. XII EDICI\u00d3N.<\/li>\n<li>CURSO MICROCIRUG\u00cdA MAMA.<\/li>\n<li>CURSO MICROCIRUG\u00cdA MANO.<\/li>\n<li>M\u00c1STER SUELO P\u00c9LVICO.<\/li>\n<li>CADAVER LAB. TECNICHIE DI RICOSTRUZIONE MAMMARIA.<\/li>\n<li>THUMB RECONSTRUCTION CADAVER LAB<\/li>\n<li>ITALIAN-SPANISH INTERNATIONAL SCHOOL OF PROCTOLOGY AND PELVIC FLOOR DISEASES.<\/li>\n<li>ADQUISICI\u00d3N DE COMPETENCIAS EN CIRUG\u00cdA LAPAROSC\u00d3PICA. GRADO B\u00c1SICO. V EDICI\u00d3N.<\/li>\n<li>ATENCI\u00d3N SANITARIA EN OPERACIONES MILITARES CON NIVEL DE CAPACITACI\u00d3N AVANZADO (NIVEL C3 REAL DECRETO 230\/2017) VII EDICI\u00d3N.<\/li>\n<li>CURSO CADERA<\/li>\n<li>II INTERNATIONAL WORKSHOP ON LAPAROSCOPIC SKILLS<\/li>\n<li>M\u00c1STER DE EST\u00c9TICA<\/li>\n<li>ENGLISH-SPANISH INTERNATIONAL SCHOOL OF PROCTOLOGY AND PELVIC FLOOR DISEASES.<\/li>\n<li>CURSO CAD\u00c1VER HIP LAB VIA ANTERIOR.<\/li>\n<\/ol>\n<p><strong>A\u00d1O 2026<\/strong><\/p>\n<ol>\n<li>CURSO CIRUG\u00cdA EST\u00c9TICA.<\/li>\n<li>M\u00c1STER SUELO P\u00c9LVICO<\/li>\n<li>DISECCI\u00d3N EN CIRUG\u00cdA BUCO-MAXILOFACIAL. XIII EDICI\u00d3N.<\/li>\n<li>INTERNATIONAL DESSECTION COURSE ON PERIPHERAL NERVE SURGERY &amp; TENDON TRANSFERS. VI EDITION<\/li>\n<li>CURSO RECONSTRUCCI\u00d3N EN CAD\u00c1VER.<\/li>\n<li>LABORATORIO DE DISECCI\u00d3N EN T\u00c9CNICAS DE RECONSTRUCCI\u00d3N MAMARIA. II EDICI\u00d3N.<\/li>\n<li>CURSO RECONSTRUCCI\u00d3N EN CAD\u00c1VER.<\/li>\n<li>LABORATORIO DE DISECCI\u00d3N EN T\u00c9CNICAS DE RECONSTRUCCI\u00d3N MAMARIA. II EDICI\u00d3N.<\/li>\n<li>M\u00c1STER MEDICINA EST\u00c9TICA INTEGRAL Y ANTIENVEJECIMIENTO III EDICI\u00d3N<\/li>\n<\/ol>\n<p><\/p>","protected":false},"excerpt":{"rendered":"<p>SOLICITUD CURSO<br \/>\nA\u00d1O 20221\/2022.<br \/>\n1. RECONSTRUCCI\u00d3N MAMARIA EN CADAVER XIV EDICI\u00d3N.<br \/>\n2. RECONSTRUCCI\u00d3N MAMARIA EN CADAVER XV EDICI\u00d3N.<br \/>\n3. CURSO SOPORTE VITAL T\u00c1CTICO AVANZADO EN LA ATENCI\u00d3N SANITARIA INMEDIATA EN OPERACIONES MILITARES PARA PERSONAL MILITAR NO FACULTATIVO, NIVEL DE CAPACIDAD<br \/>\nAVANZADO CN3<br \/>\n4. CURSO ESPECIALIZACI\u00d3N PROFESIONAL EN COMPETENCIAS B\u00c1SICAS EN CIRUG\u00cdA LAPAROSC\u00d3PICA.<br \/>\n5. T\u00c9CNICAS AVANZADAS EN CIRUG\u00cdA DE CADERA: PR\u00d3TESIS TOTAL DE [&#8230;]<\/p>\n","protected":false},"author":1408,"featured_media":0,"parent":0,"menu_order":4,"comment_status":"closed","ping_status":"closed","template":"","meta":{"_links_to":"","_links_to_target":""},"_links":{"self":[{"href":"https:\/\/sia.umh.es\/ca\/wp-json\/wp\/v2\/pages\/353"}],"collection":[{"href":"https:\/\/sia.umh.es\/ca\/wp-json\/wp\/v2\/pages"}],"about":[{"href":"https:\/\/sia.umh.es\/ca\/wp-json\/wp\/v2\/types\/page"}],"author":[{"embeddable":true,"href":"https:\/\/sia.umh.es\/ca\/wp-json\/wp\/v2\/users\/1408"}],"replies":[{"embeddable":true,"href":"https:\/\/sia.umh.es\/ca\/wp-json\/wp\/v2\/comments?post=353"}],"version-history":[{"count":0,"href":"https:\/\/sia.umh.es\/ca\/wp-json\/wp\/v2\/pages\/353\/revisions"}],"wp:attachment":[{"href":"https:\/\/sia.umh.es\/ca\/wp-json\/wp\/v2\/media?parent=353"}],"curies":[{"name":"wp","href":"https:\/\/api.w.org\/{rel}","templated":true}]}}