{"id":46,"date":"2022-01-21T12:42:47","date_gmt":"2022-01-21T11:42:47","guid":{"rendered":"https:\/\/sia.umh.es\/?page_id=46"},"modified":"2026-02-02T10:02:34","modified_gmt":"2026-02-02T09:02:34","slug":"sobre-el-sia","status":"publish","type":"page","link":"https:\/\/sia.umh.es\/ca\/sobre-el-sia\/","title":{"rendered":"Presentaci\u00f3"},"content":{"rendered":"<p>La donaci\u00f3 del cos a la ci\u00e8ncia \u00e9s un gest altruista, considerat com un dels majors actes de bondat entre els \u00e9ssers humans.<\/p>\n<p>Gr\u00e0cies a les donacions, els estudiants de Medicina i d&#8217;altres \u00e0rees de Ci\u00e8ncies de la Salut poden realitzar les pr\u00e0ctiques que els permeten adquirir valuosos ensenyaments en el camp de la medicina i la cirurgia.<\/p>\n<p>De la mateixa manera, els metges i cirurgians poden adquirir nous coneixements, especialment des del punt de vista pr\u00e0ctic, sense posar en risc a cap pacient. Aix\u00f2 els permet desenvolupar noves t\u00e8cniques quir\u00fargiques que en un futur podran ser utilitzades en tots els hospitals del m\u00f3n.<\/p>\n<p>La Universitat Miguel Hern\u00e1ndez d&#8217;Elx desitja fer arribar als donants el seu m\u00e9s profund agra\u00efment.<\/p>","protected":false},"excerpt":{"rendered":"<p>La donaci\u00f3 del cos a la ci\u00e8ncia \u00e9s un gest altruista, considerat com un dels majors actes de bondat entre els \u00e9ssers humans.<br \/>\nGr\u00e0cies a les donacions, els estudiants de Medicina i d&#8217;altres \u00e0rees de Ci\u00e8ncies de la Salut poden realitzar les pr\u00e0ctiques que els permeten adquirir valuosos ensenyaments en el camp de la medicina i [&#8230;]<\/p>\n","protected":false},"author":3,"featured_media":0,"parent":0,"menu_order":0,"comment_status":"closed","ping_status":"closed","template":"","meta":{"_links_to":"","_links_to_target":""},"_links":{"self":[{"href":"https:\/\/sia.umh.es\/ca\/wp-json\/wp\/v2\/pages\/46"}],"collection":[{"href":"https:\/\/sia.umh.es\/ca\/wp-json\/wp\/v2\/pages"}],"about":[{"href":"https:\/\/sia.umh.es\/ca\/wp-json\/wp\/v2\/types\/page"}],"author":[{"embeddable":true,"href":"https:\/\/sia.umh.es\/ca\/wp-json\/wp\/v2\/users\/3"}],"replies":[{"embeddable":true,"href":"https:\/\/sia.umh.es\/ca\/wp-json\/wp\/v2\/comments?post=46"}],"version-history":[{"count":0,"href":"https:\/\/sia.umh.es\/ca\/wp-json\/wp\/v2\/pages\/46\/revisions"}],"wp:attachment":[{"href":"https:\/\/sia.umh.es\/ca\/wp-json\/wp\/v2\/media?parent=46"}],"curies":[{"name":"wp","href":"https:\/\/api.w.org\/{rel}","templated":true}]}}