{"id":49,"date":"2022-01-21T12:46:17","date_gmt":"2022-01-21T11:46:17","guid":{"rendered":"https:\/\/sia.umh.es\/?page_id=49"},"modified":"2026-03-11T13:54:27","modified_gmt":"2026-03-11T12:54:27","slug":"donaciones","status":"publish","type":"page","link":"https:\/\/sia.umh.es\/ca\/donaciones\/","title":{"rendered":"Donacions"},"content":{"rendered":"<p><strong>\u00a0<\/strong><b>Informaci\u00f3 de contacte per al trasllat de cossos a la Facultat de Medicina de la UMH<\/b><\/p>\n<p><strong><em>Funeraria FUNSURESTE, S.L. (Grupo ASV)<\/em><\/strong><\/p>\n<ul>\n<li><strong>Central:<\/strong> Calle Vial de los Cipreses, n\u00ba 2 \u2013 03006 Alicante<\/li>\n<li>Telf.:<strong>962133688\u00a0<\/strong><\/li>\n<li>Email:\u00a0<strong><span id=\"eeb-709626-757629\">contacto.serviciosfunebres@gmail.com<\/span><\/strong><\/li>\n<\/ul>\n<p><strong><br \/>\nDocuments d&#8217;Inter\u00e9s:<\/strong><\/p>\n<p><a href=\"https:\/\/sia.umh.es\/files\/2023\/12\/SOL\u00b7LICITUD-DE-DONACIO-EN-VALENCIA-PDF-192-kb.pdf\">SOL\u00b7LICITUD DE DONACI\u00d3 EN VALENCI\u00c0 (PDF) (192 kb)<\/a><\/p>\n<p>Una vegada emplenat el document de donaci\u00f3, amb les dades i signatures del donant i testimoni, s&#8217;ha d&#8217;entregar\/enviar a la *UMH juntament amb les fotoc\u00f2pies del DNI\/Passaport de tots dos.<br \/>\nL&#8217;adre\u00e7a d&#8217;enviament \u00e9s: Av. de la Cadena 33-47 03550 Sant Joan D\u2019*Alacante (Alacant)<br \/>\nPer a poder registrar la donaci\u00f3 \u00e9s necessari el document original i per aix\u00f2, s\u00ed que l&#8217;enviar\u00e0 ha de ser per correu postal.<\/p>\n<p><a href=\"https:\/\/sia.umh.es\/files\/2022\/05\/INFORMACIO-SOBRE-LA-PROTECCIO-DE-DADES-DELS-DONANTS.docx\">INFORMACI\u00d3 SOBRE LA PROTECCI\u00d3 DE DADES DELS DONANTS<\/a><\/p>\n<p><strong> Informaci\u00f3 de Contacte:<\/strong><\/p>\n<ul>\n<li><strong>Tfno.-<\/strong>\u00a0965 91 92 70 \u2013 679091705 (<em>Att.\u00a0M\u00aa Luz Campos Vega<\/em><strong>) ***<\/strong><\/li>\n<li><strong>Tfno.-<\/strong>\u00a0965 91 94 15 (<em>Att. Jos\u00e9 Antonio Soler Benavent<\/em>) ***<\/li>\n<\/ul>\n<p>*** En horario laboral (De Lunes a Viernes de 9:00 a 14:30)<\/p>\n<p>Email.- sia@umh.es<br \/>\nDirecci\u00f3n Postal: Universidad Miguel Hern\u00e1ndez de Elche \u2013 Servicio de Innovaci\u00f3n Anat\u00f3mica<br \/>\nCampus de Sant Joan. Edif. Severo Ochoa -Avda. de la Cadena, 33-47 \u2013 03550 Sant Joan d\u00b4Alacant (Alicante)<\/p>","protected":false},"excerpt":{"rendered":"<p>\u00a0Informaci\u00f3 de contacte per al trasllat de cossos a la Facultat de Medicina de la UMH<br \/>\nFuneraria FUNSURESTE, S.L. (Grupo ASV)<\/p>\n<p>Central: Calle Vial de los Cipreses, n\u00ba 2 \u2013 03006 Alicante<br \/>\nTelf.:962133688\u00a0<br \/>\nEmail:\u00a0contacto.serviciosfunebres@gmail.com<\/p>\n<p>Documents d&#8217;Inter\u00e9s:<br \/>\nSOL\u00b7LICITUD DE DONACI\u00d3 EN VALENCI\u00c0 (PDF) (192 kb)<br \/>\nUna vegada emplenat el document de donaci\u00f3, amb les dades i signatures del donant i testimoni, s&#8217;ha d&#8217;entregar\/enviar [&#8230;]<\/p>\n","protected":false},"author":3,"featured_media":0,"parent":0,"menu_order":2,"comment_status":"closed","ping_status":"closed","template":"","meta":{"_links_to":"","_links_to_target":""},"_links":{"self":[{"href":"https:\/\/sia.umh.es\/ca\/wp-json\/wp\/v2\/pages\/49"}],"collection":[{"href":"https:\/\/sia.umh.es\/ca\/wp-json\/wp\/v2\/pages"}],"about":[{"href":"https:\/\/sia.umh.es\/ca\/wp-json\/wp\/v2\/types\/page"}],"author":[{"embeddable":true,"href":"https:\/\/sia.umh.es\/ca\/wp-json\/wp\/v2\/users\/3"}],"replies":[{"embeddable":true,"href":"https:\/\/sia.umh.es\/ca\/wp-json\/wp\/v2\/comments?post=49"}],"version-history":[{"count":0,"href":"https:\/\/sia.umh.es\/ca\/wp-json\/wp\/v2\/pages\/49\/revisions"}],"wp:attachment":[{"href":"https:\/\/sia.umh.es\/ca\/wp-json\/wp\/v2\/media?parent=49"}],"curies":[{"name":"wp","href":"https:\/\/api.w.org\/{rel}","templated":true}]}}